{"id":403114,"date":"2000-11-20T14:24:12","date_gmt":"2000-11-20T13:24:12","guid":{"rendered":"https:\/\/mnxsportswear.com\/?post_type=product&#038;p=403114"},"modified":"2026-03-01T18:26:32","modified_gmt":"2026-03-01T17:26:32","slug":"mnx-classic-majica-pescena","status":"publish","type":"product","link":"https:\/\/mnxsportswear.com\/sl\/product\/mnx-classic-majica-pescena\/","title":{"rendered":"MNX Classic majica, pe\u0161\u010dena"},"content":{"rendered":"<p>MNX klasi\u010dna majica s kratkimi rokavi in z &#8220;U&#8221; ovratnikom.<\/p>\n<ul>\n<li>klasi\u010den kroj,<\/li>\n<li>mehka tkanina (bomba\u017e),<\/li>\n<li>vezeni logotip.<\/li>\n<\/ul>\n<p><strong>Material<\/strong>: 100% bomba\u017e<br \/>\n<strong>Barva<\/strong>: kot na sliki<br \/>\n<strong>Stil<\/strong>: klasi\u010dna majica s kratkimi rokavi<br \/>\n<strong>Te\u017ea<\/strong>: pribl. 155 gramov (M)<br \/>\n<strong>Velikosti<\/strong>: S, M, L, XL, 2XL, 3XL, 4XL<\/p>\n","protected":false},"excerpt":{"rendered":"<p><span class=\"HwtZe\" lang=\"sl\"><span class=\"jCAhz ChMk0b\"><span class=\"ryNqvb\">MNX klasi\u010dna majica s kratkimi rokavi je esencialna za tvojo garderobo.<\/span><\/span> <span class=\"jCAhz ChMk0b\"><span class=\"ryNqvb\">Je brez\u010dasna in jo lahko nosi\u0161 vsak dan ob vsaki prilo\u017enosti.<\/span><\/span> <span class=\"jCAhz ChMk0b\"><span class=\"ryNqvb\">Mehka tkanina iz 100% bomba\u017ea je super udobna.<\/span><\/span> <span class=\"jCAhz ChMk0b\"><span class=\"ryNqvb\">Na voljo v ve\u010d barvah.<\/span><\/span><\/span><\/p>\n","protected":false},"featured_media":403721,"comment_status":"open","ping_status":"closed","template":"","meta":[],"product_brand":[],"product_cat":[3262,3259,3260],"product_tag":[],"class_list":{"0":"post-403114","1":"product","2":"type-product","3":"status-publish","4":"has-post-thumbnail","6":"product_cat-klasicne","7":"product_cat-kratke-majice","8":"product_cat-mosko","9":"yith_product_brand-mnx-sl","11":"first","12":"instock","13":"sale","14":"taxable","15":"shipping-taxable","16":"purchasable","17":"product-type-variable"},"exclude_global_add_ons":[],"addons":[],"_links":{"self":[{"href":"https:\/\/mnxsportswear.com\/sl\/wp-json\/wp\/v2\/product\/403114","targetHints":{"allow":["GET"]}}],"collection":[{"href":"https:\/\/mnxsportswear.com\/sl\/wp-json\/wp\/v2\/product"}],"about":[{"href":"https:\/\/mnxsportswear.com\/sl\/wp-json\/wp\/v2\/types\/product"}],"replies":[{"embeddable":true,"href":"https:\/\/mnxsportswear.com\/sl\/wp-json\/wp\/v2\/comments?post=403114"}],"version-history":[{"count":3,"href":"https:\/\/mnxsportswear.com\/sl\/wp-json\/wp\/v2\/product\/403114\/revisions"}],"predecessor-version":[{"id":403970,"href":"https:\/\/mnxsportswear.com\/sl\/wp-json\/wp\/v2\/product\/403114\/revisions\/403970"}],"wp:featuredmedia":[{"embeddable":true,"href":"https:\/\/mnxsportswear.com\/sl\/wp-json\/wp\/v2\/media\/403721"}],"wp:attachment":[{"href":"https:\/\/mnxsportswear.com\/sl\/wp-json\/wp\/v2\/media?parent=403114"}],"wp:term":[{"taxonomy":"product_brand","embeddable":true,"href":"https:\/\/mnxsportswear.com\/sl\/wp-json\/wp\/v2\/product_brand?post=403114"},{"taxonomy":"product_cat","embeddable":true,"href":"https:\/\/mnxsportswear.com\/sl\/wp-json\/wp\/v2\/product_cat?post=403114"},{"taxonomy":"product_tag","embeddable":true,"href":"https:\/\/mnxsportswear.com\/sl\/wp-json\/wp\/v2\/product_tag?post=403114"}],"curies":[{"name":"wp","href":"https:\/\/api.w.org\/{rel}","templated":true}]}}