{"id":403320,"date":"2000-11-20T15:01:46","date_gmt":"2000-11-20T14:01:46","guid":{"rendered":"https:\/\/mnxsportswear.com\/?post_type=product&#038;p=403320"},"modified":"2026-03-01T19:26:48","modified_gmt":"2026-03-01T18:26:48","slug":"moski-football-dres-mnx-rdeca","status":"publish","type":"product","link":"https:\/\/mnxsportswear.com\/sl\/product\/moski-football-dres-mnx-rdeca\/","title":{"rendered":"Mo\u0161ki Football dres MNX, rde\u010da"},"content":{"rendered":"<div class=\"wpb_column column_container col-sm-12\">\n<div class=\"vc_column-inner\">\n<div class=\"wpb_wrapper\">\n<div class=\"wpb_text_column wpb_content_element \">\n<div class=\"wpb_wrapper\">\n<p>Nogometna majica.<\/p>\n<ul>\n<li>iz zra\u010dne mikro mre\u017easte tkanine,<\/li>\n<li>kot nala\u0161\u010d za vadbo.<\/li>\n<\/ul>\n<p><strong>Material:<\/strong> 100% poliester<br \/>\n<strong>Barva:<\/strong> kot na sliki<br \/>\n<strong>Stil:<\/strong> oversized<br \/>\n<strong>Velikosti:<\/strong> XS, S, M, L, XL, XXL, 3XL, 4XL, 5XL<\/p>\n<\/div>\n<\/div>\n<\/div>\n<\/div>\n<\/div>\n","protected":false},"excerpt":{"rendered":"<p><span class=\"HwtZe\" lang=\"sl\"><span class=\"jCAhz ChMk0b\"><span class=\"ryNqvb\">Oglejte si to majico za vadbo v stilu ameri\u0161kega nogometa, izdelano iz zra\u010dne mikro mre\u017easte tkanine v beli barvi.<\/span><\/span> <span class=\"jCAhz ChMk0b\"><span class=\"ryNqvb\">S \u010drnimi \u0161ivi in na\u0161itkom spredaj.<\/span><\/span> <span class=\"jCAhz ChMk0b\"><span class=\"ryNqvb\">Ta nogometna majica je popolna za vadbo ali za prosti \u010das.<\/span><\/span><\/span><\/p>\n","protected":false},"featured_media":403626,"comment_status":"open","ping_status":"closed","template":"","meta":[],"product_brand":[],"product_cat":[3255,3260],"product_tag":[],"class_list":{"0":"post-403320","1":"product","2":"type-product","3":"status-publish","4":"has-post-thumbnail","6":"product_cat-dresi","7":"product_cat-mosko","8":"yith_product_brand-mnx-sl","10":"first","11":"instock","12":"sale","13":"taxable","14":"shipping-taxable","15":"purchasable","16":"product-type-variable"},"exclude_global_add_ons":[],"addons":[],"_links":{"self":[{"href":"https:\/\/mnxsportswear.com\/sl\/wp-json\/wp\/v2\/product\/403320","targetHints":{"allow":["GET"]}}],"collection":[{"href":"https:\/\/mnxsportswear.com\/sl\/wp-json\/wp\/v2\/product"}],"about":[{"href":"https:\/\/mnxsportswear.com\/sl\/wp-json\/wp\/v2\/types\/product"}],"replies":[{"embeddable":true,"href":"https:\/\/mnxsportswear.com\/sl\/wp-json\/wp\/v2\/comments?post=403320"}],"version-history":[{"count":2,"href":"https:\/\/mnxsportswear.com\/sl\/wp-json\/wp\/v2\/product\/403320\/revisions"}],"predecessor-version":[{"id":403994,"href":"https:\/\/mnxsportswear.com\/sl\/wp-json\/wp\/v2\/product\/403320\/revisions\/403994"}],"wp:featuredmedia":[{"embeddable":true,"href":"https:\/\/mnxsportswear.com\/sl\/wp-json\/wp\/v2\/media\/403626"}],"wp:attachment":[{"href":"https:\/\/mnxsportswear.com\/sl\/wp-json\/wp\/v2\/media?parent=403320"}],"wp:term":[{"taxonomy":"product_brand","embeddable":true,"href":"https:\/\/mnxsportswear.com\/sl\/wp-json\/wp\/v2\/product_brand?post=403320"},{"taxonomy":"product_cat","embeddable":true,"href":"https:\/\/mnxsportswear.com\/sl\/wp-json\/wp\/v2\/product_cat?post=403320"},{"taxonomy":"product_tag","embeddable":true,"href":"https:\/\/mnxsportswear.com\/sl\/wp-json\/wp\/v2\/product_tag?post=403320"}],"curies":[{"name":"wp","href":"https:\/\/api.w.org\/{rel}","templated":true}]}}