{"id":405272,"date":"2026-01-01T13:16:43","date_gmt":"2026-01-01T12:16:43","guid":{"rendered":"https:\/\/mnxsportswear.com\/?post_type=product&#038;p=405272"},"modified":"2026-03-01T19:20:02","modified_gmt":"2026-03-01T18:20:02","slug":"mnx-moske-ohlapne-hlace-edge-rdeca","status":"publish","type":"product","link":"https:\/\/mnxsportswear.com\/sl\/product\/mnx-moske-ohlapne-hlace-edge-rdeca\/","title":{"rendered":"MNX Mo\u0161ke ohlapne hla\u010de Edge, rde\u010da"},"content":{"rendered":"<ul>\n<li>\u0160portno-casual stil<\/li>\n<li>Narejene iz mo\u010dnega in trpe\u017enega bomba\u017enega blaga<\/li>\n<li>Ve\u010dji stranski \u017eep z zapiranjem na je\u017eka<\/li>\n<li>Zadnji \u017eep za dodatno funkcionalnost<\/li>\n<li>Elasti\u010den pas z vrvico za idealno prileganje<\/li>\n<li><strong>Material:<\/strong> 80% bomba\u017e, 20% poliester (5% kr\u010denje)<\/li>\n<li><strong>Masa:<\/strong> pribl. 750 gramov<\/li>\n<li><em>Model na studijskih slikah nosi velikost M (178 cm, 87 kg).<\/em><\/li>\n<\/ul>\n","protected":false},"excerpt":{"rendered":"<p><span class=\"HwtZe\" lang=\"sl\">Edge hla\u010de so idealne za spro\u0161\u010den prosti \u010das in \u0161portne aktivnosti. Te \u0161portno-casual bomba\u017ene hla\u010de iz nove kolekcije Edge so <strong>izdelane iz mo\u010dnega in trpe\u017enega blaga<\/strong>, ki zagotavlja dolgotrajno uporabo. <strong>Veliki stranski \u017eep z je\u017ekom<\/strong> in <strong>zadnji \u017eep<\/strong> nudita prostor za vse potrebne stvari, medtem ko <strong>elasti\u010den pas z vrvico<\/strong> poskrbi za popolno prileganje. Na hla\u010dnici se pona\u0161ajo z <strong>velikim urbanim na\u0161itkom<\/strong>, dodatna <strong>manj\u0161a na\u0161itka<\/strong> pa krasita pas in zadnji \u017eep za modern, prepoznaven videz. Na voljo so <strong>v treh trendi barvah<\/strong> in se odli\u010dno kombinirajo z <a href=\"\/?product_cat=jope-in-dolge-majice\"><strong>Edge hudijem<\/strong><\/a>, da si ustvarite popoln streetwear set.<\/span><\/p>\n","protected":false},"featured_media":405667,"comment_status":"open","ping_status":"closed","template":"","meta":[],"product_brand":[],"product_cat":[3272,3274,3260,3375],"product_tag":[],"class_list":{"0":"post-405272","1":"product","2":"type-product","3":"status-publish","4":"has-post-thumbnail","6":"product_cat-dolge-hlace","7":"product_cat-loose-fit-hlace","8":"product_cat-mosko","9":"product_cat-novo-v-prihodu","10":"yith_product_brand-edge","11":"yith_product_brand-mnx-sl","13":"first","14":"instock","15":"taxable","16":"shipping-taxable","17":"purchasable","18":"product-type-variable"},"exclude_global_add_ons":[],"addons":[],"_links":{"self":[{"href":"https:\/\/mnxsportswear.com\/sl\/wp-json\/wp\/v2\/product\/405272","targetHints":{"allow":["GET"]}}],"collection":[{"href":"https:\/\/mnxsportswear.com\/sl\/wp-json\/wp\/v2\/product"}],"about":[{"href":"https:\/\/mnxsportswear.com\/sl\/wp-json\/wp\/v2\/types\/product"}],"replies":[{"embeddable":true,"href":"https:\/\/mnxsportswear.com\/sl\/wp-json\/wp\/v2\/comments?post=405272"}],"version-history":[{"count":2,"href":"https:\/\/mnxsportswear.com\/sl\/wp-json\/wp\/v2\/product\/405272\/revisions"}],"predecessor-version":[{"id":405310,"href":"https:\/\/mnxsportswear.com\/sl\/wp-json\/wp\/v2\/product\/405272\/revisions\/405310"}],"wp:featuredmedia":[{"embeddable":true,"href":"https:\/\/mnxsportswear.com\/sl\/wp-json\/wp\/v2\/media\/405667"}],"wp:attachment":[{"href":"https:\/\/mnxsportswear.com\/sl\/wp-json\/wp\/v2\/media?parent=405272"}],"wp:term":[{"taxonomy":"product_brand","embeddable":true,"href":"https:\/\/mnxsportswear.com\/sl\/wp-json\/wp\/v2\/product_brand?post=405272"},{"taxonomy":"product_cat","embeddable":true,"href":"https:\/\/mnxsportswear.com\/sl\/wp-json\/wp\/v2\/product_cat?post=405272"},{"taxonomy":"product_tag","embeddable":true,"href":"https:\/\/mnxsportswear.com\/sl\/wp-json\/wp\/v2\/product_tag?post=405272"}],"curies":[{"name":"wp","href":"https:\/\/api.w.org\/{rel}","templated":true}]}}