{"id":405586,"date":"2026-01-01T13:16:30","date_gmt":"2026-01-01T12:16:30","guid":{"rendered":"https:\/\/mnxsportswear.com\/?post_type=product&#038;p=405586"},"modified":"2026-03-01T19:20:03","modified_gmt":"2026-03-01T18:20:03","slug":"mnx-hoodie-edge-melange-siva","status":"publish","type":"product","link":"https:\/\/mnxsportswear.com\/sl\/product\/mnx-hoodie-edge-melange-siva\/","title":{"rendered":"MNX Hoodie Edge, melange siva"},"content":{"rendered":"<ul data-start=\"464\" data-end=\"715\">\n<li data-start=\"464\" data-end=\"498\">\n<p data-start=\"466\" data-end=\"498\">\u0160portno-casual streetwear slog<\/p>\n<\/li>\n<li data-start=\"499\" data-end=\"539\">\n<p data-start=\"501\" data-end=\"539\">Iz mo\u010dnega in vzdr\u017eljivega materiala<\/p>\n<\/li>\n<li data-start=\"540\" data-end=\"569\">\n<p data-start=\"542\" data-end=\"569\">Zadrga po celotni dol\u017eini<\/p>\n<\/li>\n<li data-start=\"570\" data-end=\"601\">\n<p data-start=\"572\" data-end=\"601\">Kapuca z nastavljivo vrvico<\/p>\n<\/li>\n<li data-start=\"602\" data-end=\"632\">\n<p data-start=\"604\" data-end=\"632\">Velik street-style na\u0161itek<\/p>\n<\/li>\n<li data-start=\"633\" data-end=\"688\">\n<p data-start=\"635\" data-end=\"688\">Dodatni manj\u0161i na\u0161itki na sprednji in zadnji strani<\/p>\n<\/li>\n<li data-start=\"689\" data-end=\"715\">\n<p data-start=\"691\" data-end=\"715\">Na voljo v treh barvah<\/p>\n<\/li>\n<\/ul>\n<p data-start=\"717\" data-end=\"799\"><strong>Material:<\/strong> 80 % bomba\u017e, 20 % poliester (5 % kr\u010denje)<br data-start=\"768\" data-end=\"771\" \/><strong>Te\u017ea:<\/strong> pribli\u017eno 900 gramov<\/p>\n<p data-start=\"801\" data-end=\"865\"><em>Model na studijskih fotografijah nosi velikost M (178 cm, 87 kg)<\/em><\/p>\n","protected":false},"excerpt":{"rendered":"<p>Edge Hoodie je \u0161portno-casual kapucar, zasnovan za moderen streetwear videz. Izdelan je iz <strong>mo\u010dnega in vzdr\u017eljivega materiala<\/strong>, ki nudi udobje in dolgo \u017eivljenjsko dobo. Ima zadrgo po celotni dol\u017eini, kapuco z nastavljivo vrvico ter <strong>velik na\u0161itek<\/strong> v street slogu, dodatni <strong>manj\u0161i na\u0161itki<\/strong> pa so name\u0161\u010deni na sprednji in zadnji strani za prepoznaven in sodoben videz. Na voljo je v <strong>treh barvah<\/strong> in se odli\u010dno kombinira z <a href=\"\/?product_cat=dolge-hlace\"><strong>Edge hla\u010dami<\/strong><\/a> za popoln outfit.<\/p>\n","protected":false},"featured_media":405749,"comment_status":"open","ping_status":"closed","template":"","meta":[],"product_brand":[],"product_cat":[3270,3269,3260,3375],"product_tag":[],"class_list":{"0":"post-405586","1":"product","2":"type-product","3":"status-publish","4":"has-post-thumbnail","6":"product_cat-jope","7":"product_cat-jope-in-dolge-majice","8":"product_cat-mosko","9":"product_cat-novo-v-prihodu","10":"pa_double-sizes-4xl-5xl-sl","11":"pa_double-sizes-l-xl-sl","12":"pa_double-sizes-s-m-sl","13":"pa_double-sizes-xxl-3xl-sl","14":"yith_product_brand-edge","15":"yith_product_brand-mnx-sl","17":"first","18":"instock","19":"taxable","20":"shipping-taxable","21":"purchasable","22":"product-type-variable"},"exclude_global_add_ons":[],"addons":[],"_links":{"self":[{"href":"https:\/\/mnxsportswear.com\/sl\/wp-json\/wp\/v2\/product\/405586","targetHints":{"allow":["GET"]}}],"collection":[{"href":"https:\/\/mnxsportswear.com\/sl\/wp-json\/wp\/v2\/product"}],"about":[{"href":"https:\/\/mnxsportswear.com\/sl\/wp-json\/wp\/v2\/types\/product"}],"replies":[{"embeddable":true,"href":"https:\/\/mnxsportswear.com\/sl\/wp-json\/wp\/v2\/comments?post=405586"}],"version-history":[{"count":2,"href":"https:\/\/mnxsportswear.com\/sl\/wp-json\/wp\/v2\/product\/405586\/revisions"}],"predecessor-version":[{"id":405613,"href":"https:\/\/mnxsportswear.com\/sl\/wp-json\/wp\/v2\/product\/405586\/revisions\/405613"}],"wp:featuredmedia":[{"embeddable":true,"href":"https:\/\/mnxsportswear.com\/sl\/wp-json\/wp\/v2\/media\/405749"}],"wp:attachment":[{"href":"https:\/\/mnxsportswear.com\/sl\/wp-json\/wp\/v2\/media?parent=405586"}],"wp:term":[{"taxonomy":"product_brand","embeddable":true,"href":"https:\/\/mnxsportswear.com\/sl\/wp-json\/wp\/v2\/product_brand?post=405586"},{"taxonomy":"product_cat","embeddable":true,"href":"https:\/\/mnxsportswear.com\/sl\/wp-json\/wp\/v2\/product_cat?post=405586"},{"taxonomy":"product_tag","embeddable":true,"href":"https:\/\/mnxsportswear.com\/sl\/wp-json\/wp\/v2\/product_tag?post=405586"}],"curies":[{"name":"wp","href":"https:\/\/api.w.org\/{rel}","templated":true}]}}